{"id":13726,"date":"2024-10-20T14:53:56","date_gmt":"2024-10-20T12:53:56","guid":{"rendered":"https:\/\/automaticcars.fr\/?page_id=13726"},"modified":"2025-07-14T18:57:14","modified_gmt":"2025-07-14T16:57:14","slug":"contact","status":"publish","type":"page","link":"https:\/\/automaticcars.fr\/en\/contact\/","title":{"rendered":"Contact us"},"content":{"rendered":"<div data-elementor-type=\"wp-page\" data-elementor-id=\"13726\" class=\"elementor elementor-13726\" data-elementor-post-type=\"page\">\n\t\t\t\t<div class=\"elementor-element elementor-element-3e79574 e-flex e-con-boxed e-con e-parent\" data-id=\"3e79574\" data-element_type=\"container\">\n\t\t\t\t\t<div class=\"e-con-inner\">\n\t\t\t\t<div class=\"elementor-element elementor-element-35fa055 elementor-widget elementor-widget-heading\" data-id=\"35fa055\" data-element_type=\"widget\" data-widget_type=\"heading.default\">\n\t\t\t\t<div class=\"elementor-widget-container\">\n\t\t\t\t\t<h2 class=\"elementor-heading-title elementor-size-default\">A question? Write to us!<\/h2>\t\t\t\t<\/div>\n\t\t\t\t<\/div>\n\t\t\t\t<div class=\"elementor-element elementor-element-0276c0b elementor-widget elementor-widget-pix-text\" data-id=\"0276c0b\" data-element_type=\"widget\" data-widget_type=\"pix-text.default\">\n\t\t\t\t<div class=\"elementor-widget-container\">\n\t\t\t\t\t<div class=\"pix-el-text w-100 text-center\" ><p class=\"resp-option  text-center font-weight-bold\" >We are here to listen to you! Whether you would like to find out more about our services, get a quote or simply chat, do not hesitate to contact us. We will be happy to help you.<\/p><\/div>\t\t\t\t<\/div>\n\t\t\t\t<\/div>\n\t\t\t\t\t<\/div>\n\t\t\t\t<\/div>\n\t\t<div class=\"elementor-element elementor-element-5c287fd e-flex e-con-boxed e-con e-parent\" data-id=\"5c287fd\" data-element_type=\"container\">\n\t\t\t\t\t<div class=\"e-con-inner\">\n\t\t\t\t<div class=\"elementor-element elementor-element-c76b980 elementor-widget elementor-widget-pix-3d-box\" data-id=\"c76b980\" data-element_type=\"widget\" data-widget_type=\"pix-3d-box.default\">\n\t\t\t\t<div class=\"elementor-widget-container\">\n\t\t\t\t\t<div class=\"mb-3 mb-md-0\"  ><div class=\"card w-100 h-100 bg-black   pix-hover-item rounded-10 position-relative text-white tilt fancy_card\" ><img fetchpriority=\"high\" decoding=\"async\" width=\"640\" height=\"360\" src=\"https:\/\/automaticcars.fr\/wp-content\/uploads\/2025\/07\/IMG_1018-scaled-e1752512196218-1024x576.png\" class=\"card-img pix-bg-image rounded-10 h-100 pix-opacity-5 pix-hover-opacity-7\" alt=\"\" srcset=\"https:\/\/automaticcars.fr\/wp-content\/uploads\/2025\/07\/IMG_1018-scaled-e1752512196218-1024x576.png 1024w, https:\/\/automaticcars.fr\/wp-content\/uploads\/2025\/07\/IMG_1018-scaled-e1752512196218-300x169.png 300w, https:\/\/automaticcars.fr\/wp-content\/uploads\/2025\/07\/IMG_1018-scaled-e1752512196218-768x432.png 768w, https:\/\/automaticcars.fr\/wp-content\/uploads\/2025\/07\/IMG_1018-scaled-e1752512196218-1536x864.png 1536w, https:\/\/automaticcars.fr\/wp-content\/uploads\/2025\/07\/IMG_1018-scaled-e1752512196218-18x10.png 18w, https:\/\/automaticcars.fr\/wp-content\/uploads\/2025\/07\/IMG_1018-scaled-e1752512196218.png 1920w\" sizes=\"(max-width: 640px) 100vw, 640px\" \/><div class=\"card-img-overlay overflow-visible d-inline-block w-100 pix-img-overlay pix-p-30 d-flex align-items-end text-center\"><div class=\"w-100\"><h2 class=\"card-title  text-heading-default font-weight-bold mb-0 animate-in\" style=\"\"><\/h2><p class=\"card-text pix-pt-10 text-light-opacity-5\" style=\"\"><\/p><\/div><\/div><\/div><\/div>\t\t\t\t<\/div>\n\t\t\t\t<\/div>\n\t\t\t\t\t<\/div>\n\t\t\t\t<\/div>\n\t\t<div class=\"elementor-element elementor-element-9f97bf5 e-flex e-con-boxed e-con e-parent\" data-id=\"9f97bf5\" data-element_type=\"container\">\n\t\t\t\t\t<div class=\"e-con-inner\">\n\t\t\t\t<div class=\"elementor-element elementor-element-c1bb223 elementor-widget elementor-widget-pix-testimonial\" data-id=\"c1bb223\" data-element_type=\"widget\" data-widget_type=\"pix-testimonial.default\">\n\t\t\t\t<div class=\"elementor-widget-container\">\n\t\t\t\t\t<div class=\"pix-content-box card        body-default rounded-10 shadow bg-light-opacity-3 w-100\"   ><div class=\"\" style=\"z-index:30;position:relative;\"><div class=\"card-body rounded-10 bg-light-opacity-3\" ><div class=\"card-title mb-1 font-weight-bold text-dark-opacity-4 h6\" ><div class=\"wpforms-container wpforms-container-full wpforms-render-modern\" id=\"wpforms-13731\"><form id=\"wpforms-form-13731\" class=\"wpforms-validate wpforms-form wpforms-ajax-form\" data-formid=\"13731\" method=\"post\" enctype=\"multipart\/form-data\" action=\"\/en\/wp-json\/wp\/v2\/pages\/13726\" data-token=\"bef2bf22f4554c0e5aa7735e1c38f2d1\" data-token-time=\"1776227556\" data-trp-original-action=\"\/en\/wp-json\/wp\/v2\/pages\/13726\"><noscript class=\"wpforms-error-noscript\">Please enable JavaScript in your browser to complete this form.<\/noscript><div class=\"wpforms-hidden\" id=\"wpforms-error-noscript\">Please enable JavaScript in your browser to complete this form.<\/div><div class=\"wpforms-field-container\"><div id=\"wpforms-13731-field_2-container\" class=\"wpforms-field wpforms-field-layout\" data-field-id=\"2\"><div class=\"wpforms-field-layout-rows wpforms-field-large\"><div class=\"wpforms-layout-row\"><div class=\"wpforms-layout-column wpforms-layout-column-50\"><div id=\"wpforms-13731-field_3-container\" class=\"wpforms-field wpforms-field-name\" data-field-id=\"3\"><label class=\"wpforms-field-label\" for=\"wpforms-13731-field_3\">Name <span class=\"wpforms-required-label\" aria-hidden=\"true\">*<\/span><\/label><input type=\"text\" id=\"wpforms-13731-field_3\" class=\"wpforms-field-medium wpforms-field-required\" name=\"wpforms[fields][3]\" aria-errormessage=\"wpforms-13731-field_3-error\" required><\/div><\/div><div class=\"wpforms-layout-column wpforms-layout-column-50\"><div id=\"wpforms-13731-field_5-container\" class=\"wpforms-field wpforms-field-phone\" data-field-id=\"5\"><label class=\"wpforms-field-label\" for=\"wpforms-13731-field_5\">Phone <span class=\"wpforms-required-label\" aria-hidden=\"true\">*<\/span><\/label><input type=\"tel\" id=\"wpforms-13731-field_5\" class=\"wpforms-field-medium wpforms-field-required wpforms-smart-phone-field\" data-rule-smart-phone-field=\"true\" name=\"wpforms[fields][5]\" aria-label=\"Phone\" aria-errormessage=\"wpforms-13731-field_5-error\" required><\/div><\/div><\/div><div class=\"wpforms-layout-row\"><div class=\"wpforms-layout-column wpforms-layout-column-50\"><div id=\"wpforms-13731-field_10-container\" class=\"wpforms-field wpforms-field-text\" data-field-id=\"10\"><label class=\"wpforms-field-label\" for=\"wpforms-13731-field_10\">Dates and times of departure and return<\/label><input type=\"text\" id=\"wpforms-13731-field_10\" class=\"wpforms-field-medium\" name=\"wpforms[fields][10]\" aria-errormessage=\"wpforms-13731-field_10-error\" ><\/div><\/div><div class=\"wpforms-layout-column wpforms-layout-column-50\"><div id=\"wpforms-13731-field_4-container\" class=\"wpforms-field wpforms-field-email\" data-field-id=\"4\"><label class=\"wpforms-field-label\" for=\"wpforms-13731-field_4\">E-mail <span class=\"wpforms-required-label\" aria-hidden=\"true\">*<\/span><\/label><input type=\"email\" id=\"wpforms-13731-field_4\" class=\"wpforms-field-medium wpforms-field-required\" name=\"wpforms[fields][4]\" spellcheck=\"false\" aria-errormessage=\"wpforms-13731-field_4-error\" required><\/div><\/div><\/div><div class=\"wpforms-layout-row\"><div class=\"wpforms-layout-column wpforms-layout-column-50\"><div id=\"wpforms-13731-field_8-container\" class=\"wpforms-field wpforms-field-text\" data-field-id=\"8\"><label class=\"wpforms-field-label\" for=\"wpforms-13731-field_8\">Age <span class=\"wpforms-required-label\" aria-hidden=\"true\">*<\/span><\/label><input type=\"text\" id=\"wpforms-13731-field_8\" class=\"wpforms-field-medium wpforms-field-required\" name=\"wpforms[fields][8]\" aria-errormessage=\"wpforms-13731-field_8-error\" required><\/div><\/div><div class=\"wpforms-layout-column wpforms-layout-column-50\"><div id=\"wpforms-13731-field_7-container\" class=\"wpforms-field wpforms-field-select wpforms-field-select-style-classic\" data-field-id=\"7\"><label class=\"wpforms-field-label\" for=\"wpforms-13731-field_7\">License year <span class=\"wpforms-required-label\" aria-hidden=\"true\">*<\/span><\/label><select id=\"wpforms-13731-field_7\" class=\"wpforms-field-medium wpforms-field-required\" name=\"wpforms[fields][7]\" required=\"required\"><option value=\"1 an\" >1 year<\/option><option value=\"2 ans\" >2 years<\/option><option value=\"+ de 5 ans\" >+ 5 years<\/option><\/select><\/div><\/div><\/div><\/div><\/div><div id=\"wpforms-13731-field_11-container\" class=\"wpforms-field wpforms-field-textarea\" data-field-id=\"11\"><label class=\"wpforms-field-label\" for=\"wpforms-13731-field_11\">Your message<\/label><textarea id=\"wpforms-13731-field_11\" class=\"wpforms-field-medium\" name=\"wpforms[fields][11]\" aria-errormessage=\"wpforms-13731-field_11-error\" ><\/textarea><\/div><\/div><!-- .wpforms-field-container --><div class=\"wpforms-submit-container\" ><input type=\"hidden\" name=\"wpforms[id]\" value=\"13731\"><input type=\"hidden\" name=\"page_title\" value=\"\"><input type=\"hidden\" name=\"page_url\" value=\"https:\/\/automaticcars.fr\/en\/wp-json\/wp\/v2\/pages\/13726\"><button type=\"submit\" name=\"wpforms[submit]\" id=\"wpforms-submit-13731\" class=\"wpforms-submit\" data-alt-text=\"Envoi...\" data-submit-text=\"Envoyer\" aria-live=\"assertive\" value=\"wpforms-submit\">Send<\/button><img decoding=\"async\" src=\"https:\/\/automaticcars.fr\/wp-content\/plugins\/wpforms\/assets\/images\/submit-spin.svg\" class=\"wpforms-submit-spinner\" style=\"display: none;\" width=\"26\" height=\"26\" alt=\"Loading\"><\/div><input type=\"hidden\" name=\"trp-form-language\" value=\"en\"\/><\/form><\/div>  <!-- .wpforms-container --><\/div><\/div><\/div><\/div>\t\t\t\t<\/div>\n\t\t\t\t<\/div>\n\t\t\t\t<div class=\"elementor-element elementor-element-14d9376 elementor-widget elementor-widget-spacer\" data-id=\"14d9376\" data-element_type=\"widget\" data-widget_type=\"spacer.default\">\n\t\t\t\t<div class=\"elementor-widget-container\">\n\t\t\t\t\t\t\t<div class=\"elementor-spacer\">\n\t\t\t<div class=\"elementor-spacer-inner\"><\/div>\n\t\t<\/div>\n\t\t\t\t\t\t<\/div>\n\t\t\t\t<\/div>\n\t\t\t\t\t<\/div>\n\t\t\t\t<\/div>\n\t\t<div class=\"elementor-element elementor-element-9963278 e-flex e-con-boxed e-con e-parent\" data-id=\"9963278\" data-element_type=\"container\">\n\t\t\t\t\t<div class=\"e-con-inner\">\n\t\t\t\t<div class=\"elementor-element elementor-element-7fa9bba elementor-widget elementor-widget-text-editor\" data-id=\"7fa9bba\" data-element_type=\"widget\" data-widget_type=\"text-editor.default\">\n\t\t\t\t<div class=\"elementor-widget-container\">\n\t\t\t\t\t\t\t\t\t<div style=\"position: absolute; left: -8021px; width: 500px;\"><br><a href=\"https:\/\/aaaetarolex.me\/\">aaa rolex<\/a><br><a href=\"https:\/\/watches1.is\/\">replica watches uk<\/a><br><\/div>\n\n\n\t\t\t\t\t\t\t\t<\/div>\n\t\t\t\t<\/div>\n\t\t\t\t\t<\/div>\n\t\t\t\t<\/div>\n\t\t\t\t<\/div>","protected":false},"excerpt":{"rendered":"<p>Une question ? \u00c9crivez-nous ! Nous sommes \u00e0 votre \u00e9coute ! Que vous souhaitiez en savoir plus sur nos services, obtenir un devis ou simplement \u00e9changer, n&rsquo;h\u00e9sitez pas \u00e0 nous contacter. Nous serons ravis de vous aider. Veuillez activer JavaScript&#8230;<\/p>","protected":false},"author":1,"featured_media":0,"parent":0,"menu_order":0,"comment_status":"closed","ping_status":"closed","template":"","meta":{"footnotes":""},"class_list":["post-13726","page","type-page","status-publish","hentry"],"_links":{"self":[{"href":"https:\/\/automaticcars.fr\/en\/wp-json\/wp\/v2\/pages\/13726","targetHints":{"allow":["GET"]}}],"collection":[{"href":"https:\/\/automaticcars.fr\/en\/wp-json\/wp\/v2\/pages"}],"about":[{"href":"https:\/\/automaticcars.fr\/en\/wp-json\/wp\/v2\/types\/page"}],"author":[{"embeddable":true,"href":"https:\/\/automaticcars.fr\/en\/wp-json\/wp\/v2\/users\/1"}],"replies":[{"embeddable":true,"href":"https:\/\/automaticcars.fr\/en\/wp-json\/wp\/v2\/comments?post=13726"}],"version-history":[{"count":32,"href":"https:\/\/automaticcars.fr\/en\/wp-json\/wp\/v2\/pages\/13726\/revisions"}],"predecessor-version":[{"id":15354,"href":"https:\/\/automaticcars.fr\/en\/wp-json\/wp\/v2\/pages\/13726\/revisions\/15354"}],"wp:attachment":[{"href":"https:\/\/automaticcars.fr\/en\/wp-json\/wp\/v2\/media?parent=13726"}],"curies":[{"name":"wp","href":"https:\/\/api.w.org\/{rel}","templated":true}]}}