{"id":16230,"date":"2025-11-24T15:26:56","date_gmt":"2025-11-24T14:26:56","guid":{"rendered":"https:\/\/automaticcars.fr\/?page_id=16230"},"modified":"2025-11-25T17:57:21","modified_gmt":"2025-11-25T16:57:21","slug":"labonnement","status":"publish","type":"page","link":"https:\/\/automaticcars.fr\/es\/labonnement\/","title":{"rendered":"L&rsquo;abonnement by Automatic cars"},"content":{"rendered":"<div data-elementor-type=\"wp-post\" data-elementor-id=\"16230\" class=\"elementor elementor-16230\" data-elementor-post-type=\"page\">\n\t\t\t\t<div class=\"elementor-element elementor-element-9748c50 e-flex e-con-boxed e-con e-parent\" data-id=\"9748c50\" data-element_type=\"container\">\n\t\t\t\t\t<div class=\"e-con-inner\">\n\t\t\t\t<div class=\"elementor-element elementor-element-74be3d2 elementor-widget elementor-widget-text-editor\" data-id=\"74be3d2\" data-element_type=\"widget\" data-widget_type=\"text-editor.default\">\n\t\t\t\t<div class=\"elementor-widget-container\">\n\t\t\t\t\t\t\t\t\t<h1 data-start=\"972\" data-end=\"1001\"><strong>L&rsquo;abonnement By Automatic cars\u00a0<\/strong><\/h1><p>\u00a0<\/p><h3><strong>Pourquoi cet abonnement ?<\/strong><\/h3><p>\u00a0<\/p><p data-start=\"398\" data-end=\"628\">Apr\u00e8s plusieurs ann\u00e9es d\u2019exp\u00e9rience dans la location de v\u00e9hicules haut de gamme, nous avons identifi\u00e9 un point <br \/>commun chez la majorit\u00e9 de nos clients<strong> : <\/strong><strong data-start=\"552\" data-end=\"628\">les cautions tr\u00e8s \u00e9lev\u00e9es repr\u00e9sentent le frein num\u00e9ro 1 \u00e0 la location. <br \/><\/strong>Certaines cautions peuvent atteindre plusieurs milliers d\u2019euros, ce qui limite fortement l\u2019acc\u00e8s \u00e0 notre flotte<br \/>haut de gamme, m\u00eame pour des clients s\u00e9rieux et solvables.<\/p><hr data-start=\"1210\" data-end=\"1213\" \/><h3 data-start=\"1215\" data-end=\"1268\"><strong>Avantages inclus dans l\u2019abonnement Automatic Cars<\/strong><\/h3><p>\u00a0<\/p><p data-start=\"1270\" data-end=\"1523\">Support VIP d\u00e9di\u00e9<br data-start=\"1287\" data-end=\"1290\" \/>Caution r\u00e9duite d\u2019au moins 50 %<br data-start=\"1321\" data-end=\"1324\" \/>\u00c9v\u00e9nements exclusifs d\u00e9di\u00e9s aux abonn\u00e9s<br data-start=\"1363\" data-end=\"1366\" \/>Tests drives offerts<br data-start=\"1386\" data-end=\"1389\" \/>Acc\u00e8s prioritaire aux disponibilit\u00e9s<br data-start=\"1425\" data-end=\"1428\" \/>Avantages et surprises premium toute l\u2019ann\u00e9e<br data-start=\"1472\" data-end=\"1475\" \/>R\u00e9ductions automatiques sur tous les v\u00e9hicules<\/p><hr data-start=\"1525\" data-end=\"1528\" \/><h4 data-start=\"1530\" data-end=\"1555\"><strong>Offre Gold \u2013 49\u20ac\/mois<\/strong><\/h4><p data-start=\"1557\" data-end=\"1617\">Id\u00e9ale pour profiter r\u00e9guli\u00e8rement de nos v\u00e9hicules premium.<\/p><p data-start=\"1619\" data-end=\"1864\">Avantages :<br data-start=\"1630\" data-end=\"1633\" \/>Caution r\u00e9duite d\u2019au moins 50 %<br data-start=\"1664\" data-end=\"1667\" \/>R\u00e9duction sur chaque location<br data-start=\"1696\" data-end=\"1699\" \/>Acc\u00e8s aux v\u00e9hicules haut de gamme hors mod\u00e8les sportifs<br data-start=\"1754\" data-end=\"1757\" \/>Acc\u00e8s prioritaire selon disponibilit\u00e9<br data-start=\"1794\" data-end=\"1797\" \/>Participation aux \u00e9v\u00e9nements abonn\u00e9s selon les places disponibles<\/p><hr data-start=\"1866\" data-end=\"1869\" \/><h4 data-start=\"1871\" data-end=\"1901\"><strong>Offre Platinium \u2013 89\u20ac\/mois<\/strong><\/h4><p data-start=\"1903\" data-end=\"1974\">L\u2019exp\u00e9rience la plus compl\u00e8te pour nos clients r\u00e9guliers et passionn\u00e9s.<\/p><p data-start=\"1976\" data-end=\"2301\"><strong>Avantages<\/strong> :<br data-start=\"1987\" data-end=\"1990\" \/>Caution r\u00e9duite au minimum selon les v\u00e9hicules<br data-start=\"2036\" data-end=\"2039\" \/>Meilleures r\u00e9ductions sur chaque location<br data-start=\"2080\" data-end=\"2083\" \/>Acc\u00e8s \u00e0 toute la flotte, y compris les mod\u00e8les sportifs et tr\u00e8s haut de gamme<br data-start=\"2160\" data-end=\"2163\" \/>Priorit\u00e9 absolue sur les disponibilit\u00e9s<br data-start=\"2202\" data-end=\"2205\" \/>Invitations garanties aux \u00e9v\u00e9nements priv\u00e9s<br data-start=\"2248\" data-end=\"2251\" \/>Tests drives offerts<br data-start=\"2271\" data-end=\"2274\" \/>Statut VIP Automatic Cars<\/p><hr data-start=\"2303\" data-end=\"2306\" \/><h3 data-start=\"2308\" data-end=\"2331\"><strong>Comment \u00e7a marche ?<\/strong><\/h3><p>\u00a0<\/p><p data-start=\"2333\" data-end=\"2497\">Souscription en ligne en deux minutes<br data-start=\"2370\" data-end=\"2373\" \/>Activation imm\u00e9diate<br data-start=\"2393\" data-end=\"2396\" \/>R\u00e9duction et caution r\u00e9duite appliqu\u00e9es automatiquement<br data-start=\"2451\" data-end=\"2454\" \/>R\u00e9servation du v\u00e9hicule en quelques clics<\/p><hr data-start=\"2499\" data-end=\"2502\" \/><h3 data-start=\"2504\" data-end=\"2533\"><strong>Pourquoi Automatic Cars ?<\/strong><\/h3><p>\u00a0<\/p><p data-start=\"2535\" data-end=\"2709\">Flotte premium s\u00e9lectionn\u00e9e en Allemagne<br data-start=\"2575\" data-end=\"2578\" \/>Partenaire officiel Mercedes<br data-start=\"2606\" data-end=\"2609\" \/>Qualit\u00e9 de service irr\u00e9prochable<br data-start=\"2641\" data-end=\"2644\" \/>Exp\u00e9rience haut de gamme reconnue<br data-start=\"2677\" data-end=\"2680\" \/>Nombreux clients satisfaits<\/p><hr data-start=\"2711\" data-end=\"2714\" \/><h3 data-start=\"2716\" data-end=\"2744\"><strong>Conditions d\u2019\u00e9ligibilit\u00e9<\/strong><\/h3><p>\u00a0<\/p><p data-start=\"2746\" data-end=\"2881\">\u00catre r\u00e9sident en Gironde<br data-start=\"2770\" data-end=\"2773\" \/>Avoir plus de 21 ans<br data-start=\"2793\" data-end=\"2796\" \/>Disposer d\u2019au moins deux ans de permis<br data-start=\"2834\" data-end=\"2837\" \/>Avoir d\u00e9j\u00e0 effectu\u00e9 une location chez nous<\/p><p data-start=\"2883\" data-end=\"2924\">Pour plus d\u2019informations, contactez-nous.<\/p>\t\t\t\t\t\t\t\t<\/div>\n\t\t\t\t<\/div>\n\t\t\t\t<div class=\"elementor-element elementor-element-4619140 elementor-align-justify elementor-widget elementor-widget-button\" data-id=\"4619140\" data-element_type=\"widget\" data-widget_type=\"button.default\">\n\t\t\t\t<div class=\"elementor-widget-container\">\n\t\t\t\t\t\t\t\t\t<div class=\"elementor-button-wrapper\">\n\t\t\t\t\t<a class=\"elementor-button elementor-button-link elementor-size-sm\" href=\"#\">\n\t\t\t\t\t\t<span class=\"elementor-button-content-wrapper\">\n\t\t\t\t\t\t\t\t\t<span class=\"elementor-button-text\">JE M'INSCRIS\u00a0 MAINTENANT<\/span>\n\t\t\t\t\t<\/span>\n\t\t\t\t\t<\/a>\n\t\t\t\t<\/div>\n\t\t\t\t\t\t\t\t<\/div>\n\t\t\t\t<\/div>\n\t\t\t\t\t<\/div>\n\t\t\t\t<\/div>\n\t\t\t\t<\/div>","protected":false},"excerpt":{"rendered":"<p>L&rsquo;abonnement By Automatic cars\u00a0 \u00a0 Pourquoi cet abonnement ? \u00a0 Apr\u00e8s plusieurs ann\u00e9es d\u2019exp\u00e9rience dans la location de v\u00e9hicules haut de gamme, nous avons identifi\u00e9 un point commun chez la majorit\u00e9 de nos clients : les cautions tr\u00e8s \u00e9lev\u00e9es repr\u00e9sentent&#8230;<\/p>","protected":false},"author":1,"featured_media":0,"parent":0,"menu_order":0,"comment_status":"closed","ping_status":"closed","template":"","meta":{"footnotes":""},"class_list":["post-16230","page","type-page","status-publish","hentry"],"_links":{"self":[{"href":"https:\/\/automaticcars.fr\/es\/wp-json\/wp\/v2\/pages\/16230","targetHints":{"allow":["GET"]}}],"collection":[{"href":"https:\/\/automaticcars.fr\/es\/wp-json\/wp\/v2\/pages"}],"about":[{"href":"https:\/\/automaticcars.fr\/es\/wp-json\/wp\/v2\/types\/page"}],"author":[{"embeddable":true,"href":"https:\/\/automaticcars.fr\/es\/wp-json\/wp\/v2\/users\/1"}],"replies":[{"embeddable":true,"href":"https:\/\/automaticcars.fr\/es\/wp-json\/wp\/v2\/comments?post=16230"}],"version-history":[{"count":140,"href":"https:\/\/automaticcars.fr\/es\/wp-json\/wp\/v2\/pages\/16230\/revisions"}],"predecessor-version":[{"id":16703,"href":"https:\/\/automaticcars.fr\/es\/wp-json\/wp\/v2\/pages\/16230\/revisions\/16703"}],"wp:attachment":[{"href":"https:\/\/automaticcars.fr\/es\/wp-json\/wp\/v2\/media?parent=16230"}],"curies":[{"name":"wp","href":"https:\/\/api.w.org\/{rel}","templated":true}]}}